{"id":3028,"date":"2020-06-30T09:32:45","date_gmt":"2020-06-30T09:32:45","guid":{"rendered":"https:\/\/esmaabi.peaasi.ee\/rahvusvaheline-koostoo\/"},"modified":"2020-10-08T13:51:55","modified_gmt":"2020-10-08T13:51:55","slug":"rahvusvaheline-koostoo","status":"publish","type":"page","link":"https:\/\/esmaabi.peaasi.ee\/ru\/rahvusvaheline-koostoo\/","title":{"rendered":"Rahvusvaheline koost\u00f6\u00f6"},"content":{"rendered":"\t\t<div data-elementor-type=\"wp-page\" data-elementor-id=\"3028\" class=\"elementor elementor-3028 elementor-2591\">\n\t\t\t\t\t\t<section class=\"elementor-section elementor-top-section elementor-element elementor-element-60ccef7b elementor-section-boxed elementor-section-height-default elementor-section-height-default\" data-id=\"60ccef7b\" data-element_type=\"section\" data-settings=\"{&quot;background_background&quot;:&quot;classic&quot;,&quot;shape_divider_bottom&quot;:&quot;mountains&quot;}\">\n\t\t\t\t\t<div class=\"elementor-shape elementor-shape-bottom\" data-negative=\"false\">\n\t\t\t<svg xmlns=\"http:\/\/www.w3.org\/2000\/svg\" viewBox=\"0 0 1000 100\" preserveAspectRatio=\"none\">\n\t<path class=\"elementor-shape-fill\" opacity=\"0.33\" d=\"M473,67.3c-203.9,88.3-263.1-34-320.3,0C66,119.1,0,59.7,0,59.7V0h1000v59.7 c0,0-62.1,26.1-94.9,29.3c-32.8,3.3-62.8-12.3-75.8-22.1C806,49.6,745.3,8.7,694.9,4.7S492.4,59,473,67.3z\"\/>\n\t<path class=\"elementor-shape-fill\" opacity=\"0.66\" d=\"M734,67.3c-45.5,0-77.2-23.2-129.1-39.1c-28.6-8.7-150.3-10.1-254,39.1 s-91.7-34.4-149.2,0C115.7,118.3,0,39.8,0,39.8V0h1000v36.5c0,0-28.2-18.5-92.1-18.5C810.2,18.1,775.7,67.3,734,67.3z\"\/>\n\t<path class=\"elementor-shape-fill\" d=\"M766.1,28.9c-200-57.5-266,65.5-395.1,19.5C242,1.8,242,5.4,184.8,20.6C128,35.8,132.3,44.9,89.9,52.5C28.6,63.7,0,0,0,0 h1000c0,0-9.9,40.9-83.6,48.1S829.6,47,766.1,28.9z\"\/>\n<\/svg>\t\t<\/div>\n\t\t\t\t\t<div class=\"elementor-container elementor-column-gap-wider\">\n\t\t\t\t\t<div class=\"elementor-column elementor-col-100 elementor-top-column elementor-element elementor-element-c8c9b45\" data-id=\"c8c9b45\" data-element_type=\"column\">\n\t\t\t<div class=\"elementor-widget-wrap elementor-element-populated\">\n\t\t\t\t\t\t<div class=\"elementor-element elementor-element-1b38ef10 elementor-widget elementor-widget-heading\" data-id=\"1b38ef10\" data-element_type=\"widget\" data-widget_type=\"heading.default\">\n\t\t\t\t<div class=\"elementor-widget-container\">\n\t\t\t\t\t<h2 class=\"elementor-heading-title elementor-size-default\">Rahvusvaheline koost\u00f6\u00f6<\/h2>\t\t\t\t<\/div>\n\t\t\t\t<\/div>\n\t\t\t\t\t<\/div>\n\t\t<\/div>\n\t\t\t\t\t<\/div>\n\t\t<\/section>\n\t\t\t\t<section class=\"elementor-section elementor-top-section elementor-element elementor-element-9e4373e elementor-section-content-middle elementor-section-boxed elementor-section-height-default elementor-section-height-default\" data-id=\"9e4373e\" data-element_type=\"section\" data-settings=\"{&quot;background_background&quot;:&quot;classic&quot;}\">\n\t\t\t\t\t\t<div class=\"elementor-container elementor-column-gap-wider\">\n\t\t\t\t\t<div class=\"elementor-column elementor-col-100 elementor-top-column elementor-element elementor-element-835099b\" data-id=\"835099b\" data-element_type=\"column\">\n\t\t\t<div class=\"elementor-widget-wrap elementor-element-populated\">\n\t\t\t\t\t\t<div class=\"elementor-element elementor-element-4bb98c3 elementor-widget elementor-widget-heading\" data-id=\"4bb98c3\" data-element_type=\"widget\" data-widget_type=\"heading.default\">\n\t\t\t\t<div class=\"elementor-widget-container\">\n\t\t\t\t\t<h4 class=\"elementor-heading-title elementor-size-medium\">Programmist l\u00e4hemalt<\/h4>\t\t\t\t<\/div>\n\t\t\t\t<\/div>\n\t\t\t\t<div class=\"elementor-element elementor-element-42346fd elementor-widget elementor-widget-text-editor\" data-id=\"42346fd\" data-element_type=\"widget\" data-widget_type=\"text-editor.default\">\n\t\t\t\t<div class=\"elementor-widget-container\">\n\t\t\t\t\t\t\t\t\t<p><b>Vaimse tervise esmaabi koolituse arendamist rahastatakse Euroopa Majanduspiirkonna (EMP) finantsmehhanismi Aktiivsete Kodanike Fondist (<\/b><b><i>Active Citizens Fund<\/i><\/b><b>, ACF) l\u00e4bi projekti \u201cElusid p\u00e4\u00e4stvad \u201cVaimse tervise esmaabi\u201d koolitused kodanike teadlikkuse t\u00f5stmiseks igasse Eesti valda\u201d.\u00a0<\/b><\/p><p><b>ACF-i eesm\u00e4rk on tugevdada kodaniku\u00fchiskonda ja kodanikuaktiivsust ning suurendada haavatavate r\u00fchmade m\u00f5juj\u00f5udu. Programmi abil p\u00fc\u00fctakse parandada kodaniku\u00fchiskonna pikaajalist j\u00e4tkusuutlikkust ja v\u00f5imekust, tugevdades selle rolli osalusdemokraatia, kodanikuaktiivsuse ja inim\u00f5iguste edendamises ning haavatavate r\u00fchmade m\u00f5juj\u00f5u suurendamises (<a href=\"https:\/\/www.acf.ee\" target=\"_blank\" rel=\"noopener\">www.acf.ee<\/a>).<\/b><\/p><p><span style=\"font-weight: 400;\">Kolm tugevat vaba\u00fchendust \u2013 MT\u00dc Peaasjad, Eesti Ps\u00fchhosotsiaalse Rehabilitatsiooni \u00dching (EPR\u00dc) ja Eesti noorte vaimse tervise liikumine (ENVTL), koos Islandi koost\u00f6\u00f6partneriga (Ge\u00f0hj\u00e1lp\/Icelandic Mental Health Alliance) v\u00f5imestavad vaimse tervise esmaabi (VTEA) osutamist kogukondades. Projekti eesm\u00e4rk on l\u00e4bi KoV juhtide ja rahvatervise spetsialistide ning kogukonna eestk\u00f5nelejate koolitamise parandada vaimse tervise teadlikkust, v\u00e4hendada h\u00e4bim\u00e4rgistamist ja diskrimineerimise ohtu. Loome toimiva VTEA koolitajate v\u00f5rgustiku, materjalid kogukondadele ja l\u00e4bi teadlikkuse t\u00f5stmise teeme kuuldavamaks vaimse tervise t\u00f5ttu haavatavate inimeste h\u00e4\u00e4le. See annab vaimse tervise h\u00e4irega elavatele inimestele v\u00f5imaluse saada nende vajadusi arvestavaid teenuseid ning t\u00f5stab nende osaluse v\u00f5imalusi kogukonnas. Projekti elluviimisse on partneritena kaasatud vaimse tervise raskustega elavad noored ja t\u00e4iskasvanud.<\/span><\/p>\t\t\t\t\t\t\t\t<\/div>\n\t\t\t\t<\/div>\n\t\t\t\t\t<\/div>\n\t\t<\/div>\n\t\t\t\t\t<\/div>\n\t\t<\/section>\n\t\t\t\t<\/div>\n\t\t","protected":false},"excerpt":{"rendered":"<p>Rahvusvaheline koost\u00f6\u00f6 Programmist l\u00e4hemalt Vaimse tervise esmaabi koolituse arendamist rahastatakse Euroopa Majanduspiirkonna (EMP) finantsmehhanismi Aktiivsete Kodanike Fondist (Active Citizens Fund, ACF) l\u00e4bi projekti \u201cElusid p\u00e4\u00e4stvad \u201cVaimse tervise esmaabi\u201d koolitused kodanike teadlikkuse t\u00f5stmiseks igasse Eesti valda\u201d.\u00a0 ACF-i eesm\u00e4rk on tugevdada kodaniku\u00fchiskonda ja kodanikuaktiivsust ning suurendada haavatavate r\u00fchmade m\u00f5juj\u00f5udu. Programmi abil p\u00fc\u00fctakse parandada kodaniku\u00fchiskonna pikaajalist j\u00e4tkusuutlikkust ja&hellip;<\/p>\n","protected":false},"author":1,"featured_media":0,"parent":0,"menu_order":20,"comment_status":"closed","ping_status":"closed","template":"elementor_header_footer","meta":{"footnotes":""},"class_list":["post-3028","page","type-page","status-publish","hentry"],"yoast_head":"<!-- This site is optimized with the Yoast SEO plugin v24.4 - https:\/\/yoast.com\/wordpress\/plugins\/seo\/ -->\n<title>Rahvusvaheline koost\u00f6\u00f6 - \u041e\u043a\u0430\u0437\u0430\u043d\u0438\u0435 \u043f\u0435\u0440\u0432\u043e\u0439 \u043f\u043e\u043c\u043e\u0449\u0438 \u0434\u0443\u0448\u0435\u0432\u043d\u043e\u043c\u0443 \u0437\u0434\u043e\u0440\u043e\u0432\u044c\u044e<\/title>\n<meta name=\"robots\" content=\"index, follow, max-snippet:-1, max-image-preview:large, max-video-preview:-1\" \/>\n<link rel=\"canonical\" href=\"https:\/\/esmaabi.peaasi.ee\/ru\/rahvusvaheline-koostoo\/\" \/>\n<meta property=\"og:locale\" content=\"ru_RU\" \/>\n<meta property=\"og:type\" content=\"article\" \/>\n<meta property=\"og:title\" content=\"Rahvusvaheline koost\u00f6\u00f6 - \u041e\u043a\u0430\u0437\u0430\u043d\u0438\u0435 \u043f\u0435\u0440\u0432\u043e\u0439 \u043f\u043e\u043c\u043e\u0449\u0438 \u0434\u0443\u0448\u0435\u0432\u043d\u043e\u043c\u0443 \u0437\u0434\u043e\u0440\u043e\u0432\u044c\u044e\" \/>\n<meta property=\"og:description\" content=\"Rahvusvaheline koost\u00f6\u00f6 Programmist l\u00e4hemalt Vaimse tervise esmaabi koolituse arendamist rahastatakse Euroopa Majanduspiirkonna (EMP) finantsmehhanismi Aktiivsete Kodanike Fondist (Active Citizens Fund, ACF) l\u00e4bi projekti \u201cElusid p\u00e4\u00e4stvad \u201cVaimse tervise esmaabi\u201d koolitused kodanike teadlikkuse t\u00f5stmiseks igasse Eesti valda\u201d.\u00a0 ACF-i eesm\u00e4rk on tugevdada kodaniku\u00fchiskonda ja kodanikuaktiivsust ning suurendada haavatavate r\u00fchmade m\u00f5juj\u00f5udu. Programmi abil p\u00fc\u00fctakse parandada kodaniku\u00fchiskonna pikaajalist j\u00e4tkusuutlikkust ja&hellip;\" \/>\n<meta property=\"og:url\" content=\"https:\/\/esmaabi.peaasi.ee\/ru\/rahvusvaheline-koostoo\/\" \/>\n<meta property=\"og:site_name\" content=\"\u041e\u043a\u0430\u0437\u0430\u043d\u0438\u0435 \u043f\u0435\u0440\u0432\u043e\u0439 \u043f\u043e\u043c\u043e\u0449\u0438 \u0434\u0443\u0448\u0435\u0432\u043d\u043e\u043c\u0443 \u0437\u0434\u043e\u0440\u043e\u0432\u044c\u044e\" \/>\n<meta property=\"article:modified_time\" content=\"2020-10-08T13:51:55+00:00\" \/>\n<meta property=\"og:image\" content=\"https:\/\/esmaabi.peaasi.ee\/wp-content\/uploads\/2020\/09\/vtea-social-2.jpg\" \/>\n\t<meta property=\"og:image:width\" content=\"1200\" \/>\n\t<meta property=\"og:image:height\" content=\"630\" \/>\n\t<meta property=\"og:image:type\" content=\"image\/jpeg\" \/>\n<meta name=\"twitter:card\" content=\"summary_large_image\" \/>\n<meta name=\"twitter:label1\" content=\"\u041f\u0440\u0438\u043c\u0435\u0440\u043d\u043e\u0435 \u0432\u0440\u0435\u043c\u044f \u0434\u043b\u044f \u0447\u0442\u0435\u043d\u0438\u044f\" \/>\n\t<meta name=\"twitter:data1\" content=\"1 \u043c\u0438\u043d\u0443\u0442\u0430\" \/>\n<script type=\"application\/ld+json\" class=\"yoast-schema-graph\">{\"@context\":\"https:\/\/schema.org\",\"@graph\":[{\"@type\":\"WebPage\",\"@id\":\"https:\/\/esmaabi.peaasi.ee\/ru\/rahvusvaheline-koostoo\/\",\"url\":\"https:\/\/esmaabi.peaasi.ee\/ru\/rahvusvaheline-koostoo\/\",\"name\":\"Rahvusvaheline koost\u00f6\u00f6 - \u041e\u043a\u0430\u0437\u0430\u043d\u0438\u0435 \u043f\u0435\u0440\u0432\u043e\u0439 \u043f\u043e\u043c\u043e\u0449\u0438 \u0434\u0443\u0448\u0435\u0432\u043d\u043e\u043c\u0443 \u0437\u0434\u043e\u0440\u043e\u0432\u044c\u044e\",\"isPartOf\":{\"@id\":\"https:\/\/esmaabi.peaasi.ee\/#website\"},\"datePublished\":\"2020-06-30T09:32:45+00:00\",\"dateModified\":\"2020-10-08T13:51:55+00:00\",\"breadcrumb\":{\"@id\":\"https:\/\/esmaabi.peaasi.ee\/ru\/rahvusvaheline-koostoo\/#breadcrumb\"},\"inLanguage\":\"ru-RU\",\"potentialAction\":[{\"@type\":\"ReadAction\",\"target\":[\"https:\/\/esmaabi.peaasi.ee\/ru\/rahvusvaheline-koostoo\/\"]}]},{\"@type\":\"BreadcrumbList\",\"@id\":\"https:\/\/esmaabi.peaasi.ee\/ru\/rahvusvaheline-koostoo\/#breadcrumb\",\"itemListElement\":[{\"@type\":\"ListItem\",\"position\":1,\"name\":\"Home\",\"item\":\"https:\/\/esmaabi.peaasi.ee\/\"},{\"@type\":\"ListItem\",\"position\":2,\"name\":\"Rahvusvaheline koost\u00f6\u00f6\"}]},{\"@type\":\"WebSite\",\"@id\":\"https:\/\/esmaabi.peaasi.ee\/#website\",\"url\":\"https:\/\/esmaabi.peaasi.ee\/\",\"name\":\"\u041e\u043a\u0430\u0437\u0430\u043d\u0438\u0435 \u043f\u0435\u0440\u0432\u043e\u0439 \u043f\u043e\u043c\u043e\u0449\u0438 \u0434\u0443\u0448\u0435\u0432\u043d\u043e\u043c\u0443 \u0437\u0434\u043e\u0440\u043e\u0432\u044c\u044e\",\"description\":\"\",\"potentialAction\":[{\"@type\":\"SearchAction\",\"target\":{\"@type\":\"EntryPoint\",\"urlTemplate\":\"https:\/\/esmaabi.peaasi.ee\/?s={search_term_string}\"},\"query-input\":{\"@type\":\"PropertyValueSpecification\",\"valueRequired\":true,\"valueName\":\"search_term_string\"}}],\"inLanguage\":\"ru-RU\"}]}<\/script>\n<!-- \/ Yoast SEO plugin. -->","yoast_head_json":{"title":"Rahvusvaheline koost\u00f6\u00f6 - \u041e\u043a\u0430\u0437\u0430\u043d\u0438\u0435 \u043f\u0435\u0440\u0432\u043e\u0439 \u043f\u043e\u043c\u043e\u0449\u0438 \u0434\u0443\u0448\u0435\u0432\u043d\u043e\u043c\u0443 \u0437\u0434\u043e\u0440\u043e\u0432\u044c\u044e","robots":{"index":"index","follow":"follow","max-snippet":"max-snippet:-1","max-image-preview":"max-image-preview:large","max-video-preview":"max-video-preview:-1"},"canonical":"https:\/\/esmaabi.peaasi.ee\/ru\/rahvusvaheline-koostoo\/","og_locale":"ru_RU","og_type":"article","og_title":"Rahvusvaheline koost\u00f6\u00f6 - \u041e\u043a\u0430\u0437\u0430\u043d\u0438\u0435 \u043f\u0435\u0440\u0432\u043e\u0439 \u043f\u043e\u043c\u043e\u0449\u0438 \u0434\u0443\u0448\u0435\u0432\u043d\u043e\u043c\u0443 \u0437\u0434\u043e\u0440\u043e\u0432\u044c\u044e","og_description":"Rahvusvaheline koost\u00f6\u00f6 Programmist l\u00e4hemalt Vaimse tervise esmaabi koolituse arendamist rahastatakse Euroopa Majanduspiirkonna (EMP) finantsmehhanismi Aktiivsete Kodanike Fondist (Active Citizens Fund, ACF) l\u00e4bi projekti \u201cElusid p\u00e4\u00e4stvad \u201cVaimse tervise esmaabi\u201d koolitused kodanike teadlikkuse t\u00f5stmiseks igasse Eesti valda\u201d.\u00a0 ACF-i eesm\u00e4rk on tugevdada kodaniku\u00fchiskonda ja kodanikuaktiivsust ning suurendada haavatavate r\u00fchmade m\u00f5juj\u00f5udu. Programmi abil p\u00fc\u00fctakse parandada kodaniku\u00fchiskonna pikaajalist j\u00e4tkusuutlikkust ja&hellip;","og_url":"https:\/\/esmaabi.peaasi.ee\/ru\/rahvusvaheline-koostoo\/","og_site_name":"\u041e\u043a\u0430\u0437\u0430\u043d\u0438\u0435 \u043f\u0435\u0440\u0432\u043e\u0439 \u043f\u043e\u043c\u043e\u0449\u0438 \u0434\u0443\u0448\u0435\u0432\u043d\u043e\u043c\u0443 \u0437\u0434\u043e\u0440\u043e\u0432\u044c\u044e","article_modified_time":"2020-10-08T13:51:55+00:00","og_image":[{"width":1200,"height":630,"url":"https:\/\/esmaabi.peaasi.ee\/wp-content\/uploads\/2020\/09\/vtea-social-2.jpg","type":"image\/jpeg"}],"twitter_card":"summary_large_image","twitter_misc":{"\u041f\u0440\u0438\u043c\u0435\u0440\u043d\u043e\u0435 \u0432\u0440\u0435\u043c\u044f \u0434\u043b\u044f \u0447\u0442\u0435\u043d\u0438\u044f":"1 \u043c\u0438\u043d\u0443\u0442\u0430"},"schema":{"@context":"https:\/\/schema.org","@graph":[{"@type":"WebPage","@id":"https:\/\/esmaabi.peaasi.ee\/ru\/rahvusvaheline-koostoo\/","url":"https:\/\/esmaabi.peaasi.ee\/ru\/rahvusvaheline-koostoo\/","name":"Rahvusvaheline koost\u00f6\u00f6 - \u041e\u043a\u0430\u0437\u0430\u043d\u0438\u0435 \u043f\u0435\u0440\u0432\u043e\u0439 \u043f\u043e\u043c\u043e\u0449\u0438 \u0434\u0443\u0448\u0435\u0432\u043d\u043e\u043c\u0443 \u0437\u0434\u043e\u0440\u043e\u0432\u044c\u044e","isPartOf":{"@id":"https:\/\/esmaabi.peaasi.ee\/#website"},"datePublished":"2020-06-30T09:32:45+00:00","dateModified":"2020-10-08T13:51:55+00:00","breadcrumb":{"@id":"https:\/\/esmaabi.peaasi.ee\/ru\/rahvusvaheline-koostoo\/#breadcrumb"},"inLanguage":"ru-RU","potentialAction":[{"@type":"ReadAction","target":["https:\/\/esmaabi.peaasi.ee\/ru\/rahvusvaheline-koostoo\/"]}]},{"@type":"BreadcrumbList","@id":"https:\/\/esmaabi.peaasi.ee\/ru\/rahvusvaheline-koostoo\/#breadcrumb","itemListElement":[{"@type":"ListItem","position":1,"name":"Home","item":"https:\/\/esmaabi.peaasi.ee\/"},{"@type":"ListItem","position":2,"name":"Rahvusvaheline koost\u00f6\u00f6"}]},{"@type":"WebSite","@id":"https:\/\/esmaabi.peaasi.ee\/#website","url":"https:\/\/esmaabi.peaasi.ee\/","name":"\u041e\u043a\u0430\u0437\u0430\u043d\u0438\u0435 \u043f\u0435\u0440\u0432\u043e\u0439 \u043f\u043e\u043c\u043e\u0449\u0438 \u0434\u0443\u0448\u0435\u0432\u043d\u043e\u043c\u0443 \u0437\u0434\u043e\u0440\u043e\u0432\u044c\u044e","description":"","potentialAction":[{"@type":"SearchAction","target":{"@type":"EntryPoint","urlTemplate":"https:\/\/esmaabi.peaasi.ee\/?s={search_term_string}"},"query-input":{"@type":"PropertyValueSpecification","valueRequired":true,"valueName":"search_term_string"}}],"inLanguage":"ru-RU"}]}},"_links":{"self":[{"href":"https:\/\/esmaabi.peaasi.ee\/ru\/wp-json\/wp\/v2\/pages\/3028","targetHints":{"allow":["GET"]}}],"collection":[{"href":"https:\/\/esmaabi.peaasi.ee\/ru\/wp-json\/wp\/v2\/pages"}],"about":[{"href":"https:\/\/esmaabi.peaasi.ee\/ru\/wp-json\/wp\/v2\/types\/page"}],"author":[{"embeddable":true,"href":"https:\/\/esmaabi.peaasi.ee\/ru\/wp-json\/wp\/v2\/users\/1"}],"replies":[{"embeddable":true,"href":"https:\/\/esmaabi.peaasi.ee\/ru\/wp-json\/wp\/v2\/comments?post=3028"}],"version-history":[{"count":0,"href":"https:\/\/esmaabi.peaasi.ee\/ru\/wp-json\/wp\/v2\/pages\/3028\/revisions"}],"wp:attachment":[{"href":"https:\/\/esmaabi.peaasi.ee\/ru\/wp-json\/wp\/v2\/media?parent=3028"}],"curies":[{"name":"wp","href":"https:\/\/api.w.org\/{rel}","templated":true}]}}